{"id":449,"date":"2025-12-22T11:23:15","date_gmt":"2025-12-22T11:23:15","guid":{"rendered":"https:\/\/lejustepartage.fr\/?page_id=449"},"modified":"2026-01-03T11:58:05","modified_gmt":"2026-01-03T11:58:05","slug":"pour-qui","status":"publish","type":"page","link":"https:\/\/lejustepartage.fr\/index.php\/pour-qui\/","title":{"rendered":"Pour qui ?"},"content":{"rendered":"<p>[et_pb_section fb_built=\u00a0\u00bb1&Prime; _builder_version=\u00a0\u00bb4.19.4&Prime; _module_preset=\u00a0\u00bbdefault\u00a0\u00bb background_image=\u00a0\u00bbhttp:\/\/lejustepartage.fr\/wp-content\/uploads\/2025\/12\/Capture-decran-2025-12-18-a-21.17.54.png\u00a0\u00bb background_position=\u00a0\u00bbbottom_center\u00a0\u00bb background_vertical_offset=\u00a0\u00bb66%\u00a0\u00bb custom_padding=\u00a0\u00bb||40px|||\u00a0\u00bb locked=\u00a0\u00bboff\u00a0\u00bb global_colors_info=\u00a0\u00bb{}\u00a0\u00bb][et_pb_row _builder_version=\u00a0\u00bb4.19.4&Prime; _module_preset=\u00a0\u00bbdefault\u00a0\u00bb module_alignment=\u00a0\u00bbcenter\u00a0\u00bb custom_margin=\u00a0\u00bb32px|auto|3px|668px||\u00a0\u00bb custom_padding=\u00a0\u00bb39px|0px|0px|||\u00a0\u00bb global_colors_info=\u00a0\u00bb{}\u00a0\u00bb][et_pb_column type=\u00a0\u00bb4_4&Prime; _builder_version=\u00a0\u00bb4.19.4&Prime; _module_preset=\u00a0\u00bbdefault\u00a0\u00bb global_colors_info=\u00a0\u00bb{}\u00a0\u00bb][et_pb_text _builder_version=\u00a0\u00bb4.19.4&Prime; text_font=\u00a0\u00bball-round-gothic-bold||||||||\u00a0\u00bb text_line_height=\u00a0\u00bb2em\u00a0\u00bb header_font=\u00a0\u00bbFaustina|600|||||||\u00a0\u00bb header_text_color=\u00a0\u00bb#0e7162&Prime; header_font_size=\u00a0\u00bb60px\u00a0\u00bb header_line_height=\u00a0\u00bb1.3em\u00a0\u00bb background_color=\u00a0\u00bbRGBA(255,255,255,0)\u00a0\u00bb background_enable_image=\u00a0\u00bboff\u00a0\u00bb background_position=\u00a0\u00bbbottom_center\u00a0\u00bb background_vertical_offset=\u00a0\u00bb12%\u00a0\u00bb custom_margin=\u00a0\u00bb14px||-1px|||\u00a0\u00bb custom_padding=\u00a0\u00bb0px|||177px||\u00a0\u00bb animation_style=\u00a0\u00bbslide\u00a0\u00bb animation_duration=\u00a0\u00bb1450ms\u00a0\u00bb header_font_size_tablet=\u00a0\u00bb50px\u00a0\u00bb header_font_size_phone=\u00a0\u00bb40px\u00a0\u00bb header_font_size_last_edited=\u00a0\u00bbon|phone\u00a0\u00bb border_color_all=\u00a0\u00bb#129ace\u00a0\u00bb locked=\u00a0\u00bboff\u00a0\u00bb inline_fonts=\u00a0\u00bbFira Sans,Niramit,aa-gothic-bold,Comfortaa,Poppins,Nunito\u00a0\u00bb global_colors_info=\u00a0\u00bb{}\u00a0\u00bb]<\/p>\n<h1 style=\"text-align: center;\"><span style=\"color: #ffffff; font-family: Comfortaa;\">POUR QUI ?<\/span><\/h1>\n<p>[\/et_pb_text][\/et_pb_column][\/et_pb_row][\/et_pb_section][et_pb_section fb_built=\u00a0\u00bb1&Prime; admin_label=\u00a0\u00bbHeader\u00a0\u00bb _builder_version=\u00a0\u00bb4.19.4&Prime; background_color=\u00a0\u00bb#f7f9f9&Prime; background_enable_image=\u00a0\u00bboff\u00a0\u00bb background_position=\u00a0\u00bbtop_center\u00a0\u00bb background_vertical_offset=\u00a0\u00bb-53%\u00a0\u00bb custom_padding=\u00a0\u00bb12px|||||\u00a0\u00bb locked=\u00a0\u00bboff\u00a0\u00bb collapsed=\u00a0\u00bboff\u00a0\u00bb global_colors_info=\u00a0\u00bb{}\u00a0\u00bb][et_pb_row _builder_version=\u00a0\u00bb4.19.4&Prime; _module_preset=\u00a0\u00bbdefault\u00a0\u00bb custom_margin=\u00a0\u00bb-2px|auto||auto||\u00a0\u00bb custom_padding=\u00a0\u00bb2px|||||\u00a0\u00bb global_colors_info=\u00a0\u00bb{}\u00a0\u00bb][et_pb_column type=\u00a0\u00bb4_4&Prime; _builder_version=\u00a0\u00bb4.19.4&Prime; _module_preset=\u00a0\u00bbdefault\u00a0\u00bb global_colors_info=\u00a0\u00bb{}\u00a0\u00bb][et_pb_text _builder_version=\u00a0\u00bb4.19.4&Prime; _module_preset=\u00a0\u00bbdefault\u00a0\u00bb background_enable_color=\u00a0\u00bboff\u00a0\u00bb custom_margin=\u00a0\u00bb24px|||||\u00a0\u00bb custom_padding=\u00a0\u00bb13px||15px|||\u00a0\u00bb border_width_all=\u00a0\u00bb3px\u00a0\u00bb border_color_all=\u00a0\u00bb#FFBB02&Prime; inline_fonts=\u00a0\u00bbComfortaa\u00a0\u00bb global_colors_info=\u00a0\u00bb{}\u00a0\u00bb]<\/p>\n<p style=\"text-align: center;\"><span style=\"font-size: x-large;\"><strong><span style=\"font-family: Comfortaa; color: #236693;\">POUR QUI ?<\/span><\/strong><\/span><\/p>\n<p style=\"text-align: center;\"><em><span style=\"font-size: medium;\"><strong><span style=\"font-family: Comfortaa; color: #236693;\">Nous accueillons tous les adultes d\u00e8s 18 ans<\/span><\/strong><\/span><\/em><\/p>\n<p>[\/et_pb_text][\/et_pb_column][\/et_pb_row][et_pb_row _builder_version=\u00a0\u00bb4.19.4&Prime; _module_preset=\u00a0\u00bbdefault\u00a0\u00bb global_colors_info=\u00a0\u00bb{}\u00a0\u00bb][et_pb_column type=\u00a0\u00bb4_4&Prime; _builder_version=\u00a0\u00bb4.19.4&Prime; _module_preset=\u00a0\u00bbdefault\u00a0\u00bb global_colors_info=\u00a0\u00bb{}\u00a0\u00bb][et_pb_text _builder_version=\u00a0\u00bb4.19.4&Prime; _module_preset=\u00a0\u00bbdefault\u00a0\u00bb custom_margin=\u00a0\u00bb5px|||||\u00a0\u00bb border_width_all=\u00a0\u00bb4px\u00a0\u00bb border_color_all=\u00a0\u00bb#d2792e\u00a0\u00bb inline_fonts=\u00a0\u00bbComfortaa\u00a0\u00bb global_colors_info=\u00a0\u00bb{}\u00a0\u00bb]<\/p>\n<p style=\"text-align: center;\"><span style=\"font-family: Comfortaa;\"><\/span><\/p>\n<p style=\"text-align: center;\"><span style=\"font-family: Comfortaa; font-weight: normal; font-size: x-large; color: #236693;\"><strong>Jeunes Majeurs<\/strong><\/span><\/p>\n<p style=\"text-align: center;\"><span style=\"font-family: Comfortaa; font-weight: normal; font-size: x-large; color: #236693;\"><strong><\/strong><\/span><\/p>\n<p style=\"text-align: center;\"><span style=\"font-family: Comfortaa; color: #000000;\">\u2022 En recherche de rep\u00e8res<br \/>\u2022 En difficult\u00e9 administrative<br \/>\u2022 En transition d\u2019autonomie<br \/>\u2022 D\u00e9crocheurs, perdus ou d\u00e9courag\u00e9s<\/span><\/p>\n<p style=\"text-align: center;\"><span style=\"font-family: Comfortaa; color: #000000;\"><\/span><\/p>\n<p>[\/et_pb_text][\/et_pb_column][\/et_pb_row][et_pb_row _builder_version=\u00a0\u00bb4.19.4&Prime; _module_preset=\u00a0\u00bbdefault\u00a0\u00bb custom_margin=\u00a0\u00bb19px|auto||auto||\u00a0\u00bb global_colors_info=\u00a0\u00bb{}\u00a0\u00bb][et_pb_column type=\u00a0\u00bb4_4&Prime; _builder_version=\u00a0\u00bb4.19.4&Prime; _module_preset=\u00a0\u00bbdefault\u00a0\u00bb global_colors_info=\u00a0\u00bb{}\u00a0\u00bb][et_pb_text _builder_version=\u00a0\u00bb4.19.4&Prime; _module_preset=\u00a0\u00bbdefault\u00a0\u00bb custom_margin=\u00a0\u00bb4px|||||\u00a0\u00bb border_width_all=\u00a0\u00bb4px\u00a0\u00bb border_color_all=\u00a0\u00bb#d2792e\u00a0\u00bb inline_fonts=\u00a0\u00bbComfortaa\u00a0\u00bb global_colors_info=\u00a0\u00bb{}\u00a0\u00bb]<\/p>\n<p style=\"text-align: center;\"><span style=\"color: #236693; font-size: x-large;\"><strong><span style=\"font-family: Comfortaa;\"><\/span><\/strong><\/span><\/p>\n<p style=\"text-align: center;\"><span style=\"color: #236693; font-size: x-large;\"><strong><span style=\"font-family: Comfortaa;\">Adultes<\/span><\/strong><\/span><\/p>\n<p style=\"text-align: center;\"><span style=\"color: #236693; font-size: x-large;\"><strong><span style=\"font-family: Comfortaa;\"><\/span><\/strong><\/span><\/p>\n<p style=\"text-align: center;\"><span style=\"font-family: Comfortaa; font-weight: normal; color: #000000;\">\u2022 En rupture de droits<\/span><br \/><span style=\"font-family: Comfortaa; font-weight: normal; color: #000000;\">\u2022 Epuis\u00e9s par leurs d\u00e9marches<\/span><br \/><span style=\"font-family: Comfortaa; font-weight: normal; color: #000000;\">\u2022 Isol\u00e9s socialement<\/span><br \/><span style=\"font-family: Comfortaa; font-weight: normal; color: #000000;\">\u2022 D\u00e9pass\u00e9s par la vie quotidienne <\/span><\/p>\n<p style=\"text-align: center;\"><span style=\"font-family: Comfortaa; font-weight: normal; color: #000000;\">\u2022 En situation d\u2019instabilit\u00e9<br \/>\u2022 ayant besoin de soutien ponctuel ou durable<\/span><\/p>\n<p style=\"text-align: center;\"><span style=\"font-family: Comfortaa; font-weight: normal; color: #000000;\"><\/span><\/p>\n<p>[\/et_pb_text][\/et_pb_column][\/et_pb_row][et_pb_row _builder_version=\u00a0\u00bb4.19.4&Prime; _module_preset=\u00a0\u00bbdefault\u00a0\u00bb global_colors_info=\u00a0\u00bb{}\u00a0\u00bb][et_pb_column type=\u00a0\u00bb4_4&Prime; _builder_version=\u00a0\u00bb4.19.4&Prime; _module_preset=\u00a0\u00bbdefault\u00a0\u00bb global_colors_info=\u00a0\u00bb{}\u00a0\u00bb][et_pb_text _builder_version=\u00a0\u00bb4.19.4&Prime; _module_preset=\u00a0\u00bbdefault\u00a0\u00bb custom_margin=\u00a0\u00bb27px|||||\u00a0\u00bb border_width_all=\u00a0\u00bb4px\u00a0\u00bb border_color_all=\u00a0\u00bb#d2792e\u00a0\u00bb inline_fonts=\u00a0\u00bbComfortaa\u00a0\u00bb global_colors_info=\u00a0\u00bb{}\u00a0\u00bb]<\/p>\n<p style=\"text-align: center;\"><span style=\"font-family: Comfortaa;\"><\/span><\/p>\n<p style=\"text-align: center;\"><span style=\"font-family: Comfortaa; font-weight: normal; font-size: x-large; color: #236693;\"><strong>S\u00e9niors<\/strong><\/span><\/p>\n<p style=\"text-align: center;\"><span style=\"font-family: Comfortaa; color: #000000;\">\u2022 En perte de motivation<br \/>\u2022 Fatigu\u00e9s par les d\u00e9marches num\u00e9riques<br \/>\u2022 Isol\u00e9s<br \/>\u2022 Ayant besoin d\u2019un relais humain<\/span><\/p>\n<p style=\"text-align: center;\"><span style=\"font-family: Comfortaa; color: #000000;\"><\/span><\/p>\n<p>[\/et_pb_text][\/et_pb_column][\/et_pb_row][et_pb_row _builder_version=\u00a0\u00bb4.19.4&Prime; _module_preset=\u00a0\u00bbdefault\u00a0\u00bb custom_margin=\u00a0\u00bb14px|auto||auto||\u00a0\u00bb global_colors_info=\u00a0\u00bb{}\u00a0\u00bb][et_pb_column type=\u00a0\u00bb4_4&Prime; _builder_version=\u00a0\u00bb4.19.4&Prime; _module_preset=\u00a0\u00bbdefault\u00a0\u00bb global_colors_info=\u00a0\u00bb{}\u00a0\u00bb][et_pb_text _builder_version=\u00a0\u00bb4.19.4&Prime; _module_preset=\u00a0\u00bbdefault\u00a0\u00bb custom_margin=\u00a0\u00bb2px|||||\u00a0\u00bb border_width_all=\u00a0\u00bb4px\u00a0\u00bb border_color_all=\u00a0\u00bb#d2792e\u00a0\u00bb global_colors_info=\u00a0\u00bb{}\u00a0\u00bb]<\/p>\n<p style=\"text-align: center;\"><span style=\"color: #236693; font-size: x-large;\"><strong><span style=\"font-family: Comfortaa;\"><\/span><\/strong><\/span><\/p>\n<p style=\"text-align: center;\"><span style=\"color: #236693; font-size: x-large;\"><strong><span style=\"font-family: Comfortaa;\">Personnes isol\u00e9es ou vuln\u00e9rables<\/span><\/strong><\/span><\/p>\n<p style=\"text-align: center;\"><span style=\"color: #236693; font-size: x-large;\"><strong><span style=\"font-family: Comfortaa;\"><\/span><\/strong><\/span><\/p>\n<p style=\"text-align: center;\"><span style=\"font-family: Comfortaa; color: #000000;\"> \u2022 Rupture familiale<br \/>\u2022 Probl\u00e8mes sociaux<br \/>\u2022 Fragilit\u00e9s \u00e9motionnelles<br \/>\u2022 Manque d\u2019informations ou de ressources<br \/>\u2022 Solitude prolong\u00e9e<\/span><\/p>\n<p style=\"text-align: center;\"><span style=\"font-family: Comfortaa; color: #000000;\"><\/span><\/p>\n<p>[\/et_pb_text][\/et_pb_column][\/et_pb_row][\/et_pb_section][et_pb_section fb_built=\u00a0\u00bb1&Prime; _builder_version=\u00a0\u00bb4.19.4&Prime; _module_preset=\u00a0\u00bbdefault\u00a0\u00bb background_enable_color=\u00a0\u00bboff\u00a0\u00bb use_background_color_gradient=\u00a0\u00bbon\u00a0\u00bb background_color_gradient_stops=\u00a0\u00bbrgba(255,255,255,0) 0%|#d6d6d6 100%\u00a0\u00bb background_enable_image=\u00a0\u00bboff\u00a0\u00bb background_position=\u00a0\u00bbbottom_center\u00a0\u00bb background_vertical_offset=\u00a0\u00bb79%\u00a0\u00bb min_height=\u00a0\u00bb206px\u00a0\u00bb custom_margin=\u00a0\u00bb||-111px|||\u00a0\u00bb custom_padding=\u00a0\u00bb7px||10px|||\u00a0\u00bb locked=\u00a0\u00bboff\u00a0\u00bb global_colors_info=\u00a0\u00bb{}\u00a0\u00bb][et_pb_row column_structure=\u00a0\u00bb1_2,1_2&Prime; _builder_version=\u00a0\u00bb4.19.4&Prime; _module_preset=\u00a0\u00bbdefault\u00a0\u00bb background_enable_image=\u00a0\u00bboff\u00a0\u00bb background_position=\u00a0\u00bbbottom_right\u00a0\u00bb background_blend=\u00a0\u00bbcolor-burn\u00a0\u00bb custom_margin=\u00a0\u00bb|auto|4px|auto||\u00a0\u00bb global_colors_info=\u00a0\u00bb{}\u00a0\u00bb][et_pb_column type=\u00a0\u00bb1_2&Prime; _builder_version=\u00a0\u00bb4.19.4&Prime; _module_preset=\u00a0\u00bbdefault\u00a0\u00bb global_colors_info=\u00a0\u00bb{}\u00a0\u00bb][et_pb_image src=\u00a0\u00bbhttp:\/\/lejustepartage.fr\/wp-content\/uploads\/2025\/12\/Sans-titre-3-scaled.png\u00a0\u00bb title_text=\u00a0\u00bbSans titre &#8211; 3&Prime; _builder_version=\u00a0\u00bb4.19.4&Prime; _module_preset=\u00a0\u00bbdefault\u00a0\u00bb width=\u00a0\u00bb53%\u00a0\u00bb max_width=\u00a0\u00bb54%\u00a0\u00bb module_alignment=\u00a0\u00bbcenter\u00a0\u00bb min_height=\u00a0\u00bb100px\u00a0\u00bb height=\u00a0\u00bb100px\u00a0\u00bb max_height=\u00a0\u00bb1000px\u00a0\u00bb global_colors_info=\u00a0\u00bb{}\u00a0\u00bb][\/et_pb_image][\/et_pb_column][et_pb_column type=\u00a0\u00bb1_2&Prime; _builder_version=\u00a0\u00bb4.19.4&Prime; _module_preset=\u00a0\u00bbdefault\u00a0\u00bb global_colors_info=\u00a0\u00bb{}\u00a0\u00bb][et_pb_menu active_link_color=\u00a0\u00bb#236693&Prime; _builder_version=\u00a0\u00bb4.19.4&Prime; _module_preset=\u00a0\u00bbdefault\u00a0\u00bb menu_font=\u00a0\u00bbComfortaa|600|||||||\u00a0\u00bb menu_text_color=\u00a0\u00bb#7270F5&Prime; menu_font_size=\u00a0\u00bb16px\u00a0\u00bb background_enable_color=\u00a0\u00bboff\u00a0\u00bb background_enable_image=\u00a0\u00bboff\u00a0\u00bb background_position=\u00a0\u00bbtop_left\u00a0\u00bb background_horizontal_offset=\u00a0\u00bb0%\u00a0\u00bb background_vertical_offset=\u00a0\u00bb2%\u00a0\u00bb background_blend=\u00a0\u00bbsoft-light\u00a0\u00bb text_orientation=\u00a0\u00bbcenter\u00a0\u00bb custom_margin=\u00a0\u00bb20px|||||\u00a0\u00bb global_colors_info=\u00a0\u00bb{}\u00a0\u00bb][\/et_pb_menu][\/et_pb_column][\/et_pb_row][\/et_pb_section]<\/p>\n","protected":false},"excerpt":{"rendered":"<p>POUR QUI ?POUR QUI ? Nous accueillons tous les adultes d\u00e8s 18 ans Jeunes Majeurs \u2022 En recherche de rep\u00e8res\u2022 En difficult\u00e9 administrative\u2022 En transition d\u2019autonomie\u2022 D\u00e9crocheurs, perdus ou d\u00e9courag\u00e9s Adultes \u2022 En rupture de droits\u2022 Epuis\u00e9s par leurs d\u00e9marches\u2022 Isol\u00e9s socialement\u2022 D\u00e9pass\u00e9s par la vie quotidienne \u2022 En situation d\u2019instabilit\u00e9\u2022 ayant besoin de soutien [&hellip;]<\/p>\n","protected":false},"author":1,"featured_media":0,"parent":0,"menu_order":0,"comment_status":"closed","ping_status":"closed","template":"","meta":{"_et_pb_use_builder":"on","_et_pb_old_content":"","_et_gb_content_width":"","footnotes":""},"class_list":["post-449","page","type-page","status-publish","hentry"],"_links":{"self":[{"href":"https:\/\/lejustepartage.fr\/index.php\/wp-json\/wp\/v2\/pages\/449","targetHints":{"allow":["GET"]}}],"collection":[{"href":"https:\/\/lejustepartage.fr\/index.php\/wp-json\/wp\/v2\/pages"}],"about":[{"href":"https:\/\/lejustepartage.fr\/index.php\/wp-json\/wp\/v2\/types\/page"}],"author":[{"embeddable":true,"href":"https:\/\/lejustepartage.fr\/index.php\/wp-json\/wp\/v2\/users\/1"}],"replies":[{"embeddable":true,"href":"https:\/\/lejustepartage.fr\/index.php\/wp-json\/wp\/v2\/comments?post=449"}],"version-history":[{"count":16,"href":"https:\/\/lejustepartage.fr\/index.php\/wp-json\/wp\/v2\/pages\/449\/revisions"}],"predecessor-version":[{"id":603,"href":"https:\/\/lejustepartage.fr\/index.php\/wp-json\/wp\/v2\/pages\/449\/revisions\/603"}],"wp:attachment":[{"href":"https:\/\/lejustepartage.fr\/index.php\/wp-json\/wp\/v2\/media?parent=449"}],"curies":[{"name":"wp","href":"https:\/\/api.w.org\/{rel}","templated":true}]}}